{"id":35611,"date":"2025-05-06T10:23:04","date_gmt":"2025-05-06T14:23:04","guid":{"rendered":"https:\/\/www.abff.com\/miami\/?page_id=35611"},"modified":"2026-05-07T14:11:35","modified_gmt":"2026-05-07T18:11:35","slug":"african-stories","status":"publish","type":"page","link":"https:\/\/www.abff.com\/miami\/film-screenings\/african-stories\/","title":{"rendered":"African Stories"},"content":{"rendered":"<div class=\"wpb-content-wrapper\"><section data-vc-full-width=\"true\" data-vc-full-width-init=\"false\" class=\"vc_row wpb_row vc_row-fluid page-header-image vc_custom_1777478428006 vc_row-has-fill pofo-stretch-content pofo-stretch-row-container pofo-row-responsive-6a0925f2bc023\"><div class=\"wpb_column vc_column_container vc_col-sm-12  col-xs-mobile-fullwidth text-center md-text-center sm-text-center xs-text-center\"><div class=\"vc_column-inner \"><div class=\"wpb_wrapper\"><div class=\"vc_row wpb_row vc_inner vc_row-fluid page-title-small  vc_row-o-content-middle vc_row-flex\"><div class=\"wpb_column vc_column_container vc_col-sm-12 vc_col-lg-offset-0 vc_col-lg-3 vc_col-md-offset-0 vc_col-md-3 col-xs-mobile-fullwidth text-left md-text-left sm-text-center xs-text-center sm-display-inline-block xs-display-block pofo-column-responsive-6a0925f2bc302\"><div class=\"vc_column-inner \"><div class=\"wpb_wrapper\">[vc_raw_html css=&#8221;&#8221;]JTNDaDElMjBjbGFzcyUzRCUyMmFsdC1mb250JTIwdGV4dC1leHRyYS1kYXJrLWdyYXklMjBmb250LXdlaWdodC02MDAlMjBuby1tYXJnaW4tYm90dG9tJTIwcG9mby1wYWdlLXRpdGxlJTIwdGV4dC11cHBlcmNhc2UlMjIlM0VBZnJpY2FuJTIwU3RvcmllcyUzQyUyRmgxJTNF[\/vc_raw_html]<\/div><\/div><\/div><div class=\"wpb_column vc_column_container vc_col-sm-12 vc_col-lg-offset-0 vc_col-lg-9 vc_col-md-offset-0 vc_col-md-9 col-xs-mobile-fullwidth text-center md-text-center sm-text-center xs-text-center xs-display-block\"><div class=\"vc_column-inner \"><div class=\"wpb_wrapper\"><div class=\"last-paragraph-no-margin\"><p class=\"title-subhead-left\">A non-competitive showcase of short films from Africa&#8217;s most dynamic new voices. Curated to highlight the continent&#8217;s rich cultural perspectives and storytelling traditions, the program offers a unique window into the creativity driving Africa&#8217;s diverse and growing film communities.<\/p>\n<\/div><\/div><\/div><\/div><\/div><\/div><\/div><\/div><\/section><div class=\"vc_row-full-width vc_clearfix\"><\/div><section class=\"vc_row wpb_row vc_row-fluid  vc_custom_1777479967372 wow fadeIn vc_row-o-content-top vc_row-flex\"><div class=\"wpb_column vc_column_container widget-nav vc_col-sm-3  col-xs-mobile-fullwidth pofo-column-responsive-6a0925f2bc678\"><div class=\"vc_column-inner vc_custom_1716303192798\"><div class=\"wpb_wrapper\">[vc_text_separator title=&#8221;FILM SCREENINGS&#8221; title_align=&#8221;separator_align_left&#8221; align=&#8221;align_right&#8221; color=&#8221;custom&#8221; css=&#8221;.vc_custom_1777478524727{margin-bottom: 14px !important;padding-top: 13px !important;padding-bottom: 10px !important;}&#8221; accent_color=&#8221;#27A1B8&#8243;][vc_widget_sidebar sidebar_id=&#8221;film-screenings-sidebar&#8221;]<\/div><\/div><\/div><div class=\"wpb_column vc_column_container vc_col-sm-9  col-xs-mobile-fullwidth pofo-column-responsive-6a0925f2bc72a\"><div class=\"vc_column-inner vc_custom_1716303430836\"><div class=\"wpb_wrapper\"><div class=\"vc_row wpb_row vc_inner vc_row-fluid\"><div class=\"wpb_column vc_column_container vc_col-sm-12  col-xs-mobile-fullwidth\"><div class=\"vc_column-inner vc_custom_1614800985349\"><div class=\"wpb_wrapper\"><a  href=\"https:\/\/www.eventbrite.com\/cc\/african-stories-4838315?utm-campaign=social&#038;utm-content=creatorshare&#038;utm-medium=discovery&#038;utm-term=odclsxcollection&#038;utm-source=cp&#038;aff=escb\" target=\"_blank\" class=\"btn pofo-button-1 sm-display-inline-block xs-display-block button-style1  btn-dark-gray  btn-small   vc_custom_1778177493745 pofo-button-responsive-6a0925f2bca13\"  style=\"border-color:#27A1B8; \">GET TICKETS<\/a>[vc_separator color=&#8221;custom&#8221; css=&#8221;.vc_custom_1717517019717{margin-top: 32px !important;}&#8221; accent_color=&#8221;#ededed&#8221;]<\/div><\/div><\/div><\/div><div id=\"block-1\" class=\"vc_row wpb_row vc_inner vc_row-fluid  vc_custom_1777477595014\"><div class=\"wpb_column vc_column_container vc_col-sm-12  col-xs-mobile-fullwidth\"><div class=\"vc_column-inner \"><div class=\"wpb_wrapper\"><div class=\"text-medium-gray text-small margin-5px-bottom alt-font heading-style4  vc_custom_1777499057941  heading-1\"  style=\"font-size: 18px; line-height: 23px; font-weight: 600; color: #000000;\" data-fontsize=\"18px\" data-lineheight=\"23px\">This showcase of 5 films will screen on Thursday, May 28 | 10:30 am | Miami Beach Convention Center - Screening Room #1<\/div>[vc_separator color=&#8221;custom&#8221; css=&#8221;.vc_custom_1717517019717{margin-top: 32px !important;}&#8221; accent_color=&#8221;#ededed&#8221;]<\/div><\/div><\/div><\/div><div class=\"vc_row wpb_row vc_inner vc_row-fluid  vc_custom_1777478628645\"><div class=\"wpb_column vc_column_container vc_col-has-fill vc_col-sm-6  col-xs-mobile-fullwidth pofo-column-responsive-6a0925f2bcd12\"><div class=\"vc_column-inner vc_custom_1717516353517\"><div class=\"wpb_wrapper\"><div class=\"last-paragraph-no-margin\" style=\"width: 100%;\"><h2 class=\"filmtitle\">Amon<\/h2>\n<\/div><div class=\"last-paragraph-no-margin\" style=\"width: 100%;\"><h4 class=\"running-time\">USA | 6 min | WORLD PREMIERE<\/h4>\n<\/div>[vc_single_image image=&#8221;40262&#8243; img_size=&#8221;full&#8221; alignment=&#8221;center&#8221; css=&#8221;.vc_custom_1777478684958{padding-right: 0px !important;padding-bottom: 12px !important;padding-left: 0px !important;}&#8221;]<div class=\"last-paragraph-no-margin\" style=\"width: 100%;\"><p class=\"logline\">As a boy responds to letters for his illiterate grandmother, he is confronted with one of news of her failing health &#8212; he must make the decision to disclose the truth or keep the letter&#8217;s contents to himself.<\/p>\n<p class=\"film-credits\">Director: Chlo\u00e9-Elo\u00efse Mallet | Writer: Chlo\u00e9-Elo\u00efse Mallet | Producers: Jiayang Liu, Chlo\u00e9-Elo\u00efse Mallet | Cast: Lamine Goita, Maimounay Lemailloux<\/p>\n<\/div><\/div><\/div><\/div><div class=\"wpb_column vc_column_container vc_col-sm-6  col-xs-mobile-fullwidth\"><div class=\"vc_column-inner vc_custom_1628775278754\"><div class=\"wpb_wrapper\"><div class=\"last-paragraph-no-margin\" style=\"width: 100%;\"><h2 class=\"filmtitle\">Bam Bam<\/h2>\n<\/div><div class=\"last-paragraph-no-margin\" style=\"width: 100%;\"><h4 class=\"running-time\">NIGERIA | 17 min | US PREMIERE<\/h4>\n<\/div>[vc_single_image image=&#8221;40263&#8243; img_size=&#8221;full&#8221; alignment=&#8221;center&#8221; css=&#8221;.vc_custom_1777478727137{padding-right: 0px !important;padding-bottom: 12px !important;padding-left: 0px !important;}&#8221;]<div class=\"last-paragraph-no-margin pofo-text-block-responsive-6a0925f2bcf53\" style=\"width: 100%;\"><p class=\"logline\">When a gifted but withdrawn teenager falls for a classmate, his AI best friend pushes him toward love, forcing him to confront the self-doubt that has shaped his life.<\/p>\n<p class=\"film-credits\">Director: Tolulope Itegboje | Writer: Tolulope Itegboje | Producers: Oge Obasi, Tolulope Itegboje | Cast: Kelechi Udegbe, Ambrose Nwoga<\/p>\n<\/div><div class=\"last-paragraph-no-margin\" style=\"width: 100%;\"><p class=\"view-trailer\"><a class=\"text-deep-pink\" href=\"#popmake-37085\" target=\"_blank\" rel=\"noopener\">View Trailer &gt;<\/a><\/p>\n<\/div><\/div><\/div><\/div><\/div>[vc_separator color=&#8221;custom&#8221; css=&#8221;.vc_custom_1717512112112{margin-top: 4px !important;margin-bottom: 30px !important;}&#8221; accent_color=&#8221;#ededed&#8221;]<div class=\"vc_row wpb_row vc_inner vc_row-fluid\"><div class=\"wpb_column vc_column_container vc_col-has-fill vc_col-sm-6  col-xs-mobile-fullwidth pofo-column-responsive-6a0925f2bd0a1\"><div class=\"vc_column-inner vc_custom_1651091004834\"><div class=\"wpb_wrapper\"><div class=\"last-paragraph-no-margin\" style=\"width: 100%;\"><h2 class=\"filmtitle\">The Break-In<\/h2>\n<\/div><div class=\"last-paragraph-no-margin\" style=\"width: 100%;\"><h4 class=\"running-time\">SOUTH AFRICA | 14 min | WORLD PREMIERE<\/h4>\n<\/div>[vc_single_image image=&#8221;40265&#8243; img_size=&#8221;full&#8221; alignment=&#8221;center&#8221; css=&#8221;.vc_custom_1777478785600{padding-right: 0px !important;padding-bottom: 12px !important;padding-left: 0px !important;}&#8221;]<div class=\"last-paragraph-no-margin\" style=\"width: 100%;\"><p class=\"logline\">A routine break-in spirals when tensions inside a crew of small-time thieves force one member to question the future he&#8217;s been chasing.<\/p>\n<p class=\"film-credits\">Director: Sizwe Kubeka | Writer: Sizwe Kubeka | Producers: Masibulele Mtonjeni | Cast: Malusi Ngxubungela, Patrick Sithole, Akhile Mjanyelwa<\/p>\n<\/div><\/div><\/div><\/div><div class=\"wpb_column vc_column_container vc_col-sm-6  col-xs-mobile-fullwidth\"><div class=\"vc_column-inner vc_custom_1628775278754\"><div class=\"wpb_wrapper\"><div class=\"last-paragraph-no-margin\" style=\"width: 100%;\"><h2 class=\"filmtitle\">MR ROGERS<\/h2>\n<\/div><div class=\"last-paragraph-no-margin\" style=\"width: 100%;\"><h4 class=\"running-time\">NIGERIA | 19 min | US PREMIERE<\/h4>\n<\/div>[vc_single_image image=&#8221;40266&#8243; img_size=&#8221;full&#8221; alignment=&#8221;center&#8221; css=&#8221;.vc_custom_1777478827045{padding-right: 0px !important;padding-bottom: 12px !important;padding-left: 0px !important;}&#8221;]<div class=\"last-paragraph-no-margin pofo-text-block-responsive-6a0925f2bd2b3\" style=\"width: 100%;\"><p class=\"logline\">From the tale of &#8220;Old Roger is dead and gone to his grave&#8221; stems a young family who goes to spend a holiday weekend with relatives, and ignorantly awakens an unforgiven but insidious entity that rains terror, bringing their bloodline to the brink of hell.<\/p>\n<p class=\"film-credits\">Director: Daniel Ehimen | Writer: Daniel Ehimen &amp; Aaliyah Salia | Producers: Daniel Ehimen, Oladayo Oladejo, Omoyeni Sholabomi Disu | Cast: Yusrah Ayinde, Joseph Imoikor, Demi Banwo, Princess Obuseh, Ayo Binta Mogaji, Kunle Coker, Francis Oyinlola Bakare<\/p>\n<\/div><div class=\"last-paragraph-no-margin\" style=\"width: 100%;\"><p class=\"view-trailer\"><a class=\"text-deep-pink\" href=\"#popmake-35952\" target=\"_blank\" rel=\"noopener\">View Trailer &gt;<\/a><\/p>\n<\/div><\/div><\/div><\/div><\/div>[vc_separator color=&#8221;custom&#8221; css=&#8221;.vc_custom_1717512112112{margin-top: 4px !important;margin-bottom: 30px !important;}&#8221; accent_color=&#8221;#ededed&#8221;]<div class=\"vc_row wpb_row vc_inner vc_row-fluid\"><div class=\"wpb_column vc_column_container vc_col-has-fill vc_col-sm-6  col-xs-mobile-fullwidth pofo-column-responsive-6a0925f2bd410\"><div class=\"vc_column-inner vc_custom_1651091004834\"><div class=\"wpb_wrapper\"><div class=\"last-paragraph-no-margin\" style=\"width: 100%;\"><h2 class=\"filmtitle\">Our Brother<\/h2>\n<\/div><div class=\"last-paragraph-no-margin\" style=\"width: 100%;\"><h4 class=\"running-time\">KENYA | 15 min | US PREMIERE<\/h4>\n<\/div>[vc_single_image image=&#8221;40267&#8243; img_size=&#8221;full&#8221; alignment=&#8221;center&#8221; css=&#8221;.vc_custom_1777478878827{padding-right: 0px !important;padding-bottom: 12px !important;padding-left: 0px !important;}&#8221;]<div class=\"last-paragraph-no-margin\" style=\"width: 100%;\"><p class=\"logline\">A grieving family faces loss and imminent departures while tensions rise as the matriarch cares for her eldest autistic son. The intricate threads binding them are tested.<\/p>\n<p class=\"film-credits\">Director: Shandra Apondi | Writer: Shandra Apondi, Kofi Ntiforo, Norris Kabembe | Producers: Celine Onditi, Shandra Apondi | Cast: Beatrice Kamuyu, Brian Furaha, Ivy Collette Nafula, Agwingi Adingo<\/p>\n<\/div><div class=\"last-paragraph-no-margin\" style=\"width: 100%;\"><p class=\"view-trailer\"><a class=\"text-deep-pink\" href=\"#popmake-35961\" target=\"_blank\" rel=\"noopener\">View Trailer &gt;<\/a><\/p>\n<\/div><\/div><\/div><\/div><div class=\"wpb_column vc_column_container vc_col-sm-6  col-xs-mobile-fullwidth\"><div class=\"vc_column-inner vc_custom_1628775278754\"><div class=\"wpb_wrapper\"><\/div><\/div><\/div><\/div><\/div><\/div><\/div><\/section>\n<\/div>","protected":false},"excerpt":{"rendered":"[vc_raw_html css=\"\"]JTNDaDElMjBjbGFzcyUzRCUyMmFsdC1mb250JTIwdGV4dC1leHRyYS1kYXJrLWdyYXklMjBmb250LXdlaWdodC02MDAlMjBuby1tYXJnaW4tYm90dG9tJTIwcG9mby1wYWdlLXRpdGxlJTIwdGV4dC11cHBlcmNhc2UlMjIlM0VBZnJpY2FuJTIwU3RvcmllcyUzQyUyRmgxJTNF[\/vc_raw_html]A non-competitive showcase of short films from Africa's most dynamic new voices. Curated to highlight the continent's rich cultural perspectives and storytelling traditions, the program offers a unique window into the creativity driving Africa's diverse and growing film communities. [vc_text_separator title=\"FILM SCREENINGS\" title_align=\"separator_align_left\" align=\"align_right\" color=\"custom\" css=\".vc_custom_1777478524727{margin-bottom: 14px !important;padding-top: 13px !important;padding-bottom: 10px !important;}\" accent_color=\"#27A1B8\"][vc_widget_sidebar sidebar_id=\"film-screenings-sidebar\"]GET TICKETS[vc_separator color=\"custom\" css=\".vc_custom_1717517019717{margin-top: 32px !important;}\" accent_color=\"#ededed\"]This showcase of 5 films will screen on Thursday, May 28 | 10:30 am | Miami Beach Convention Center - Screening Room #1[vc_separator color=\"custom\" css=\".vc_custom_1717517019717{margin-top: 32px !important;}\" accent_color=\"#ededed\"]Amon USA | 6 min | WORLD PREMIERE [vc_single_image image=\"40262\" img_size=\"full\" alignment=\"center\" css=\".vc_custom_1777478684958{padding-right: 0px !important;padding-bottom: 12px !important;padding-left: 0px !important;}\"]As a boy responds to letters for his illiterate grandmother, he is confronted with one of news of her failing health -- he must make the decision to disclose the truth or keep the letter's contents to himself. Director: Chlo\u00e9-Elo\u00efse Mallet | Writer: Chlo\u00e9-Elo\u00efse Mallet | Producers: Jiayang Liu, Chlo\u00e9-Elo\u00efse Mallet | Cast: Lamine Goita, Maimounay Lemailloux Bam Bam NIGERIA | 17 min | US PREMIERE [vc_single_image image=\"40263\" img_size=\"full\" alignment=\"center\" css=\".vc_custom_1777478727137{padding-right: 0px !important;padding-bottom: 12px !important;padding-left: 0px !important;}\"]When a gifted but withdrawn teenager falls for a classmate, his AI best friend pushes him toward love, forcing...","protected":false},"author":61,"featured_media":0,"parent":33635,"menu_order":0,"comment_status":"closed","ping_status":"closed","template":"","meta":{"footnotes":"","_links_to":"","_links_to_target":""},"class_list":["post-35611","page","type-page","status-publish","hentry"],"_links":{"self":[{"href":"https:\/\/www.abff.com\/miami\/wp-json\/wp\/v2\/pages\/35611","targetHints":{"allow":["GET"]}}],"collection":[{"href":"https:\/\/www.abff.com\/miami\/wp-json\/wp\/v2\/pages"}],"about":[{"href":"https:\/\/www.abff.com\/miami\/wp-json\/wp\/v2\/types\/page"}],"author":[{"embeddable":true,"href":"https:\/\/www.abff.com\/miami\/wp-json\/wp\/v2\/users\/61"}],"replies":[{"embeddable":true,"href":"https:\/\/www.abff.com\/miami\/wp-json\/wp\/v2\/comments?post=35611"}],"version-history":[{"count":3,"href":"https:\/\/www.abff.com\/miami\/wp-json\/wp\/v2\/pages\/35611\/revisions"}],"predecessor-version":[{"id":40766,"href":"https:\/\/www.abff.com\/miami\/wp-json\/wp\/v2\/pages\/35611\/revisions\/40766"}],"up":[{"embeddable":true,"href":"https:\/\/www.abff.com\/miami\/wp-json\/wp\/v2\/pages\/33635"}],"wp:attachment":[{"href":"https:\/\/www.abff.com\/miami\/wp-json\/wp\/v2\/media?parent=35611"}],"curies":[{"name":"wp","href":"https:\/\/api.w.org\/{rel}","templated":true}]}}