{"id":40539,"date":"2026-05-01T16:13:00","date_gmt":"2026-05-01T20:13:00","guid":{"rendered":"https:\/\/www.abff.com\/miami\/?page_id=40539"},"modified":"2026-05-04T13:12:06","modified_gmt":"2026-05-04T17:12:06","slug":"abff-916-microdrama-project-showcase","status":"publish","type":"page","link":"https:\/\/www.abff.com\/miami\/film-screenings\/abff-916-microdrama-project-showcase\/","title":{"rendered":"ABFF 9:16 Microdrama Project Showcase"},"content":{"rendered":"<div class=\"wpb-content-wrapper\"><section data-vc-full-width=\"true\" data-vc-full-width-init=\"false\" class=\"vc_row wpb_row vc_row-fluid page-header-image vc_custom_1777478428006 vc_row-has-fill pofo-stretch-content pofo-stretch-row-container pofo-row-responsive-69f95cd73bb8a\"><div class=\"wpb_column vc_column_container vc_col-sm-12  col-xs-mobile-fullwidth text-center md-text-center sm-text-center xs-text-center\"><div class=\"vc_column-inner \"><div class=\"wpb_wrapper\"><div class=\"vc_row wpb_row vc_inner vc_row-fluid page-title-small  vc_row-o-content-middle vc_row-flex\"><div class=\"wpb_column vc_column_container vc_col-sm-12 vc_col-lg-offset-0 vc_col-lg-3 vc_col-md-offset-0 vc_col-md-3 col-xs-mobile-fullwidth text-left md-text-left sm-text-center xs-text-center sm-display-inline-block xs-display-block pofo-column-responsive-69f95cd73bdf9\"><div class=\"vc_column-inner \"><div class=\"wpb_wrapper\">[vc_raw_html css=&#8221;&#8221;]JTNDaDElMjBjbGFzcyUzRCUyMmFsdC1mb250JTIwdGV4dC1leHRyYS1kYXJrLWdyYXklMjBmb250LXdlaWdodC02MDAlMjBuby1tYXJnaW4tYm90dG9tJTIwcG9mby1wYWdlLXRpdGxlJTIwdGV4dC11cHBlcmNhc2UlMjIlM0VBQkZGJTIwOSUzQTE2JTIwTWljcm9kcmFtYSUyMFByb2plY3QlMjBTaG93Y2FzZSUzQyUyRmgxJTNF[\/vc_raw_html]<\/div><\/div><\/div><div class=\"wpb_column vc_column_container vc_col-sm-12 vc_col-lg-offset-0 vc_col-lg-9 vc_col-md-offset-0 vc_col-md-9 col-xs-mobile-fullwidth text-center md-text-center sm-text-center xs-text-center xs-display-block\"><div class=\"vc_column-inner \"><div class=\"wpb_wrapper\"><div class=\"last-paragraph-no-margin\"><p class=\"title-subhead-left\">The ABFF 9:16 Microdrama Project Showcase is the American Black Film Festival&#8217;s official platform for identifying, showcasing, and amplifying outstanding vertical microdrama series made by creators of color. Through curated selection and digital-first exhibition, the Project connects creators with global audiences and industry visibility, positioning them within the rapidly expanding vertical storytelling economy. The Microdrama Official Selections will screen for the duration of the festival exclusively on the Codeblack app.<\/p>\n<\/div><\/div><\/div><\/div><\/div><\/div><\/div><\/div><\/section><div class=\"vc_row-full-width vc_clearfix\"><\/div><section class=\"vc_row wpb_row vc_row-fluid  vc_custom_1777479967372 wow fadeIn vc_row-o-content-top vc_row-flex\"><div class=\"wpb_column vc_column_container widget-nav vc_col-sm-3  col-xs-mobile-fullwidth pofo-column-responsive-69f95cd73c0ef\"><div class=\"vc_column-inner vc_custom_1716303192798\"><div class=\"wpb_wrapper\">[vc_text_separator title=&#8221;FILM SCREENINGS&#8221; title_align=&#8221;separator_align_left&#8221; align=&#8221;align_right&#8221; color=&#8221;custom&#8221; css=&#8221;.vc_custom_1777478524727{margin-bottom: 14px !important;padding-top: 13px !important;padding-bottom: 10px !important;}&#8221; accent_color=&#8221;#27A1B8&#8243;][vc_widget_sidebar sidebar_id=&#8221;film-screenings-sidebar&#8221;]<\/div><\/div><\/div><div class=\"wpb_column vc_column_container vc_col-sm-9  col-xs-mobile-fullwidth pofo-column-responsive-69f95cd73c166\"><div class=\"vc_column-inner vc_custom_1716303430836\"><div class=\"wpb_wrapper\"><div class=\"vc_row wpb_row vc_inner vc_row-fluid  vc_custom_1777478628645\"><div class=\"wpb_column vc_column_container vc_col-has-fill vc_col-sm-6  col-xs-mobile-fullwidth pofo-column-responsive-69f95cd73c32f\"><div class=\"vc_column-inner vc_custom_1717516353517\"><div class=\"wpb_wrapper\"><div class=\"last-paragraph-no-margin\" style=\"width: 100%;\"><h2 class=\"filmtitle\">Blacked Out<\/h2>\n<\/div><div class=\"last-paragraph-no-margin\" style=\"width: 100%;\"><h4 class=\"running-time\">USA | 13 min<\/h4>\n<\/div>[vc_single_image image=&#8221;40574&#8243; img_size=&#8221;full&#8221; alignment=&#8221;center&#8221; css=&#8221;.vc_custom_1777902648419{padding-right: 0px !important;padding-bottom: 12px !important;padding-left: 0px !important;}&#8221;]<div class=\"last-paragraph-no-margin\" style=\"width: 100%;\"><p class=\"logline\">After a blackout night she can&#8217;t remember, Jordan wakes up in an interrogation to learn her boyfriend is missing, forcing her to piece together the truth before she becomes the prime suspect.<\/p>\n<p class=\"film-credits\">Director: Caleb Davis | Writer: Roni Davis | Producers: Jade Martin | Cast: Verina Banks, Daniel Augustin<\/p>\n<\/div><\/div><\/div><\/div><div class=\"wpb_column vc_column_container vc_col-sm-6  col-xs-mobile-fullwidth\"><div class=\"vc_column-inner vc_custom_1628775278754\"><div class=\"wpb_wrapper\"><div class=\"last-paragraph-no-margin\" style=\"width: 100%;\"><h2 class=\"filmtitle\">Crimson Mirage<\/h2>\n<\/div><div class=\"last-paragraph-no-margin\" style=\"width: 100%;\"><h4 class=\"running-time\">USA | 11 min<\/h4>\n<\/div>[vc_single_image image=&#8221;40570&#8243; img_size=&#8221;full&#8221; alignment=&#8221;center&#8221; css=&#8221;.vc_custom_1777902656579{padding-right: 0px !important;padding-bottom: 12px !important;padding-left: 0px !important;}&#8221;]<div class=\"last-paragraph-no-margin pofo-text-block-responsive-69f95cd73c504\" style=\"width: 100%;\"><p class=\"logline\">When a supernatural drug harvests human energy for an ancient operation, a detective searching for his missing sister and the scientist who unknowingly built the machine must join forces to dismantle the network before it swallows the city whole.<\/p>\n<p class=\"film-credits\">Director: Courtney Arlett | Writer: Courtney Arlett | Producers: Courtney Arlett, Yolanda Haskett, Mario Haskett, Marc Thevenin, Ron Toussaint, Phedra Syndelle, Jasmine Sargent, D\u00ef Thomas | Cast: Jason Louder; Katrina Riveria; Chantal Maurice; Zeus Luby; Karon Joseph Riley; Phedra Syndelle<\/p>\n<\/div><\/div><\/div><\/div><\/div>[vc_separator color=&#8221;custom&#8221; css=&#8221;.vc_custom_1717512112112{margin-top: 4px !important;margin-bottom: 30px !important;}&#8221; accent_color=&#8221;#ededed&#8221;]<div class=\"vc_row wpb_row vc_inner vc_row-fluid\"><div class=\"wpb_column vc_column_container vc_col-has-fill vc_col-sm-6  col-xs-mobile-fullwidth pofo-column-responsive-69f95cd73c5d6\"><div class=\"vc_column-inner vc_custom_1651091004834\"><div class=\"wpb_wrapper\"><div class=\"last-paragraph-no-margin\" style=\"width: 100%;\"><h2 class=\"filmtitle\">A DIFFERENT KIND OF FOREVER<\/h2>\n<\/div><div class=\"last-paragraph-no-margin\" style=\"width: 100%;\"><h4 class=\"running-time\">USA | 20 min<\/h4>\n<\/div>[vc_single_image image=&#8221;40575&#8243; img_size=&#8221;full&#8221; alignment=&#8221;center&#8221; css=&#8221;.vc_custom_1777902674801{padding-right: 0px !important;padding-bottom: 12px !important;padding-left: 0px !important;}&#8221;]<div class=\"last-paragraph-no-margin\" style=\"width: 100%;\"><p class=\"logline\">In LA&#8217;s interconnected dating scene, situationships, near misses, and messy sparks collide\u2026 proving there are a million ways this can go, and almost none of them are forever.<\/p>\n<p class=\"film-credits\">Director: Alexis Rivera | Writer: Alexis Rivera | Producers: Alexis Rivera, Jamal Averett &amp; Justin Jemerson | Cast: Akilah Walker, Maurice Hardwick, Juliah Cheree Taylor, Charles Grant-DeBose, Renae Anderson, Prince Odimegwu, Shakira Ja&#8217;nai Paye, Jemar Michael, Zimzon Zion, Justin Williams, Danika Edwards, Marqi Morgan, Alexis Rivera, POPE<\/p>\n<\/div><div class=\"last-paragraph-no-margin\" style=\"width: 100%;\"><p class=\"view-trailer\"><a class=\"text-deep-pink\" href=\"#popmake-40559\" target=\"_blank\" rel=\"noopener\">View Trailer &gt;<\/a><\/p>\n<\/div><\/div><\/div><\/div><div class=\"wpb_column vc_column_container vc_col-sm-6  col-xs-mobile-fullwidth\"><div class=\"vc_column-inner vc_custom_1628775278754\"><div class=\"wpb_wrapper\"><div class=\"last-paragraph-no-margin\" style=\"width: 100%;\"><h2 class=\"filmtitle\">Faceplant<\/h2>\n<\/div><div class=\"last-paragraph-no-margin\" style=\"width: 100%;\"><h4 class=\"running-time\">USA | 13 min<\/h4>\n<\/div>[vc_single_image image=&#8221;40576&#8243; img_size=&#8221;full&#8221; alignment=&#8221;center&#8221; css=&#8221;.vc_custom_1777902684282{padding-right: 0px !important;padding-bottom: 12px !important;padding-left: 0px !important;}&#8221;]<div class=\"last-paragraph-no-margin pofo-text-block-responsive-69f95cd73c833\" style=\"width: 100%;\"><p class=\"logline\">A desperate couple facing foreclosure discovers a mask that lets them hijack other people&#8217;s bodies, but each reckless use pulls them deeper into a dangerous game with consequences they can&#8217;t control.<\/p>\n<p class=\"film-credits\">Director: Jean-Pierre Chapoteau | Writer: Jean-Pierre Chapoteau | Producers: Jean-Pierre Chapoteau, Jennifer Pessima, La&#8217;Shay Painter | Cast: Kennie Nicole, Bren Suttle<\/p>\n<\/div><\/div><\/div><\/div><\/div>[vc_separator color=&#8221;custom&#8221; css=&#8221;.vc_custom_1717512112112{margin-top: 4px !important;margin-bottom: 30px !important;}&#8221; accent_color=&#8221;#ededed&#8221;]<div class=\"vc_row wpb_row vc_inner vc_row-fluid\"><div class=\"wpb_column vc_column_container vc_col-has-fill vc_col-sm-6  col-xs-mobile-fullwidth pofo-column-responsive-69f95cd73c8f3\"><div class=\"vc_column-inner vc_custom_1651091004834\"><div class=\"wpb_wrapper\"><div class=\"last-paragraph-no-margin\" style=\"width: 100%;\"><h2 class=\"filmtitle\">False Profit$<\/h2>\n<\/div><div class=\"last-paragraph-no-margin\" style=\"width: 100%;\"><h4 class=\"running-time\">USA | 11 min<\/h4>\n<\/div>[vc_single_image image=&#8221;40569&#8243; img_size=&#8221;full&#8221; alignment=&#8221;center&#8221; css=&#8221;.vc_custom_1777902693561{padding-right: 0px !important;padding-bottom: 12px !important;padding-left: 0px !important;}&#8221;]<div class=\"last-paragraph-no-margin\" style=\"width: 100%;\"><p class=\"logline\">When America&#8217;s youngest Black CEO is framed and sentenced to 19 years for a multi-million dollar Ponzi scheme he didn&#8217;t orchestrate, Malik Shepard transforms his prison time into a masterclass in financial forensics and systemic corruption \u2014 then wages a surgical war to dismantle the powerful faith-based empire that destroyed him.<\/p>\n<p class=\"film-credits\">Director: Jai Harris | Writer: Jai Harris | Producers: Serene Samuel, Darion Taylor, Michael Sanders, Charles Smith, Ephren Taylor, Socorro Grandville, Pat Taylor | Cast: Malik Taylor<\/p>\n<\/div><div class=\"last-paragraph-no-margin\" style=\"width: 100%;\"><p class=\"view-trailer\"><a class=\"text-deep-pink\" href=\"#popmake-40562\" target=\"_blank\" rel=\"noopener\">View Trailer &gt;<\/a><\/p>\n<\/div><\/div><\/div><\/div><div class=\"wpb_column vc_column_container vc_col-sm-6  col-xs-mobile-fullwidth\"><div class=\"vc_column-inner vc_custom_1628775278754\"><div class=\"wpb_wrapper\"><div class=\"last-paragraph-no-margin\" style=\"width: 100%;\"><h2 class=\"filmtitle\">The King, The Affair and The Son Heir<\/h2>\n<\/div><div class=\"last-paragraph-no-margin\" style=\"width: 100%;\"><h4 class=\"running-time\">SOUTH AFRICA | 9 min<\/h4>\n<\/div>[vc_single_image image=&#8221;40577&#8243; img_size=&#8221;full&#8221; alignment=&#8221;center&#8221; css=&#8221;.vc_custom_1777902706761{padding-right: 0px !important;padding-bottom: 12px !important;padding-left: 0px !important;}&#8221;]<div class=\"last-paragraph-no-margin pofo-text-block-responsive-69f95cd73cae7\" style=\"width: 100%;\"><p class=\"logline\">King Jonga&#8217;s celebrated heir carries a secret that could destroy a kingdom \u2014 written in blood, hidden in plain sight, and closing in with every stolen glance between his wife and his most trusted advisor.<\/p>\n<p class=\"film-credits\">Director: Star Kganki Maphahlele | Writer: Anathi Rubela &amp; Mamello Makhetha | Producers: Flavia Motsisi | Cast: Othembele Nomgca, Khanyi Nokwe, Lebogang Mphahlele, Phathiswa Tonono, Wamke Cele, Gcina Mdikane<\/p>\n<\/div><\/div><\/div><\/div><\/div>[vc_separator color=&#8221;custom&#8221; css=&#8221;.vc_custom_1717512112112{margin-top: 4px !important;margin-bottom: 30px !important;}&#8221; accent_color=&#8221;#ededed&#8221;]<div class=\"vc_row wpb_row vc_inner vc_row-fluid\"><div class=\"wpb_column vc_column_container vc_col-has-fill vc_col-sm-6  col-xs-mobile-fullwidth pofo-column-responsive-69f95cd73cbad\"><div class=\"vc_column-inner vc_custom_1651091004834\"><div class=\"wpb_wrapper\"><div class=\"last-paragraph-no-margin\" style=\"width: 100%;\"><h2 class=\"filmtitle\">Mechanical Pencil<\/h2>\n<\/div><div class=\"last-paragraph-no-margin\" style=\"width: 100%;\"><h4 class=\"running-time\">USA | 11 min<\/h4>\n<\/div>[vc_single_image image=&#8221;40578&#8243; img_size=&#8221;full&#8221; alignment=&#8221;center&#8221; css=&#8221;.vc_custom_1777902719333{padding-right: 0px !important;padding-bottom: 12px !important;padding-left: 0px !important;}&#8221;]<div class=\"last-paragraph-no-margin\" style=\"width: 100%;\"><p class=\"logline\">A group of detention regulars turns their punishment into a creative playground, where desk beats, chaos, and imagination evolve into something bigger than themselves.<\/p>\n<p class=\"film-credits\">Directors: Palmer Williams III, Amari K. Jones | Writers: Amari K. Jones, Myracle Sims, Justen Ross, JonAvery Worrell, Hurrikane, Dasan Frazier, Michael Bahsil, Destiny Knox, Kaylan Mary | Producers: Amari K. Jones | Cast: Justen Ross, Destiny Knox, Brandon Grimes, Dasan Frazier, JonAvery Worrell, Amari K. Jones, Michael Bahsil, Hurrikane, C Squared, Myracle Sims, Kaylan Mary, Skootah Pollock<\/p>\n<\/div><\/div><\/div><\/div><div class=\"wpb_column vc_column_container vc_col-sm-6  col-xs-mobile-fullwidth\"><div class=\"vc_column-inner vc_custom_1628775278754\"><div class=\"wpb_wrapper\"><div class=\"last-paragraph-no-margin\" style=\"width: 100%;\"><h2 class=\"filmtitle\">Thick &amp; Uninterrupted<\/h2>\n<\/div><div class=\"last-paragraph-no-margin\" style=\"width: 100%;\"><h4 class=\"running-time\">USA\/NIGERIA | 12 min<\/h4>\n<\/div>[vc_single_image image=&#8221;40568&#8243; img_size=&#8221;full&#8221; alignment=&#8221;center&#8221; css=&#8221;.vc_custom_1777902726798{padding-right: 0px !important;padding-bottom: 12px !important;padding-left: 0px !important;}&#8221;]<div class=\"last-paragraph-no-margin pofo-text-block-responsive-69f95cd73cd5f\" style=\"width: 100%;\"><p class=\"logline\">A bold, curvy woman unapologetically embraces her confidence, desire, and power while navigating love and modern relationships in a world that constantly expects her to shrink.<\/p>\n<p class=\"film-credits\">Director: Dominic Aikabeli | Writer: Dominic Aikabeli, Taj\u00e9 Prest | Producers: Taj\u00e9 Prest | Cast: Taj\u00e9 Prest, Maxwell Nwokoye, Godfrey Okorafor, Kolawole Agboola, Frederick Honest<\/p>\n<\/div><\/div><\/div><\/div><\/div><\/div><\/div><\/div><\/section>\n<\/div>","protected":false},"excerpt":{"rendered":"[vc_raw_html css=\"\"]JTNDaDElMjBjbGFzcyUzRCUyMmFsdC1mb250JTIwdGV4dC1leHRyYS1kYXJrLWdyYXklMjBmb250LXdlaWdodC02MDAlMjBuby1tYXJnaW4tYm90dG9tJTIwcG9mby1wYWdlLXRpdGxlJTIwdGV4dC11cHBlcmNhc2UlMjIlM0VBQkZGJTIwOSUzQTE2JTIwTWljcm9kcmFtYSUyMFByb2plY3QlMjBTaG93Y2FzZSUzQyUyRmgxJTNF[\/vc_raw_html]The ABFF 9:16 Microdrama Project Showcase is the American Black Film Festival's official platform for identifying, showcasing, and amplifying outstanding vertical microdrama series made by creators of color. Through curated selection and digital-first exhibition, the Project connects creators with global audiences and industry visibility, positioning them within the rapidly expanding vertical storytelling economy. The Microdrama Official Selections will screen for the duration of the festival exclusively on the Codeblack app. [vc_text_separator title=\"FILM SCREENINGS\" title_align=\"separator_align_left\" align=\"align_right\" color=\"custom\" css=\".vc_custom_1777478524727{margin-bottom: 14px !important;padding-top: 13px !important;padding-bottom: 10px !important;}\" accent_color=\"#27A1B8\"][vc_widget_sidebar sidebar_id=\"film-screenings-sidebar\"]Blacked Out USA | 13 min [vc_single_image image=\"40574\" img_size=\"full\" alignment=\"center\" css=\".vc_custom_1777902648419{padding-right: 0px !important;padding-bottom: 12px !important;padding-left: 0px !important;}\"]After a blackout night she can't remember, Jordan wakes up in an interrogation to learn her boyfriend is missing, forcing her to piece together the truth before she becomes the prime suspect. Director: Caleb Davis | Writer: Roni Davis | Producers: Jade Martin | Cast: Verina Banks, Daniel Augustin Crimson Mirage USA | 11 min [vc_single_image image=\"40570\" img_size=\"full\" alignment=\"center\" css=\".vc_custom_1777902656579{padding-right: 0px !important;padding-bottom: 12px !important;padding-left: 0px !important;}\"]When a supernatural drug harvests human energy for an ancient operation, a detective searching for his missing sister and the scientist who unknowingly built the machine must join forces to dismantle the network before...","protected":false},"author":61,"featured_media":0,"parent":33635,"menu_order":0,"comment_status":"closed","ping_status":"closed","template":"","meta":{"footnotes":"","_links_to":"","_links_to_target":""},"class_list":["post-40539","page","type-page","status-publish","hentry"],"_links":{"self":[{"href":"https:\/\/www.abff.com\/miami\/wp-json\/wp\/v2\/pages\/40539","targetHints":{"allow":["GET"]}}],"collection":[{"href":"https:\/\/www.abff.com\/miami\/wp-json\/wp\/v2\/pages"}],"about":[{"href":"https:\/\/www.abff.com\/miami\/wp-json\/wp\/v2\/types\/page"}],"author":[{"embeddable":true,"href":"https:\/\/www.abff.com\/miami\/wp-json\/wp\/v2\/users\/61"}],"replies":[{"embeddable":true,"href":"https:\/\/www.abff.com\/miami\/wp-json\/wp\/v2\/comments?post=40539"}],"version-history":[{"count":3,"href":"https:\/\/www.abff.com\/miami\/wp-json\/wp\/v2\/pages\/40539\/revisions"}],"predecessor-version":[{"id":40633,"href":"https:\/\/www.abff.com\/miami\/wp-json\/wp\/v2\/pages\/40539\/revisions\/40633"}],"up":[{"embeddable":true,"href":"https:\/\/www.abff.com\/miami\/wp-json\/wp\/v2\/pages\/33635"}],"wp:attachment":[{"href":"https:\/\/www.abff.com\/miami\/wp-json\/wp\/v2\/media?parent=40539"}],"curies":[{"name":"wp","href":"https:\/\/api.w.org\/{rel}","templated":true}]}}